{"id":55,"date":"2023-03-19T01:05:28","date_gmt":"2023-03-19T01:05:28","guid":{"rendered":"http:\/\/termicar.com.br\/?page_id=55"},"modified":"2023-03-19T01:05:28","modified_gmt":"2023-03-19T01:05:28","slug":"pinos-esfericos","status":"publish","type":"page","link":"https:\/\/termicar.com.br\/?page_id=55","title":{"rendered":"Pinos Esf\u00e9ricos"},"content":{"rendered":"\n<figure class=\"wp-block-image size-large\"><img loading=\"lazy\" width=\"300\" height=\"225\" src=\"http:\/\/termicar.com.br\/wp-content\/uploads\/2023\/03\/Pinos-Esfericos-Termicar-1-300x225-1.jpg\" alt=\"\" class=\"wp-image-57\"\/><\/figure>\n\n\n\n<figure class=\"wp-block-table is-style-stripes\"><table><tbody><tr><td><strong>MEDIDAS<\/strong><\/td><\/tr><tr><td>Pino Esf\u00e9rico M5<\/td><\/tr><tr><td>Pino Esf\u00e9rico M6<\/td><\/tr><tr><td>Pino Esf\u00e9rico M8<\/td><\/tr><tr><td>Pino Esf\u00e9rico M10<\/td><\/tr><tr><td>Pino Esf\u00e9rico M12<\/td><\/tr><tr><td>Pino Esf\u00e9rico M14<\/td><\/tr><tr><td>Pino Esf\u00e9rico M16<\/td><\/tr><\/tbody><\/table><\/figure>\n","protected":false},"excerpt":{"rendered":"<p>MEDIDAS Pino Esf\u00e9rico M5 Pino Esf\u00e9rico M6 Pino Esf\u00e9rico M8 Pino Esf\u00e9rico M10 Pino Esf\u00e9rico M12 Pino Esf\u00e9rico M14 Pino Esf\u00e9rico M16<\/p>\n","protected":false},"author":1,"featured_media":0,"parent":0,"menu_order":0,"comment_status":"closed","ping_status":"closed","template":"template-part\/full-width-page.php","meta":[],"_links":{"self":[{"href":"https:\/\/termicar.com.br\/index.php?rest_route=\/wp\/v2\/pages\/55"}],"collection":[{"href":"https:\/\/termicar.com.br\/index.php?rest_route=\/wp\/v2\/pages"}],"about":[{"href":"https:\/\/termicar.com.br\/index.php?rest_route=\/wp\/v2\/types\/page"}],"author":[{"embeddable":true,"href":"https:\/\/termicar.com.br\/index.php?rest_route=\/wp\/v2\/users\/1"}],"replies":[{"embeddable":true,"href":"https:\/\/termicar.com.br\/index.php?rest_route=%2Fwp%2Fv2%2Fcomments&post=55"}],"version-history":[{"count":1,"href":"https:\/\/termicar.com.br\/index.php?rest_route=\/wp\/v2\/pages\/55\/revisions"}],"predecessor-version":[{"id":58,"href":"https:\/\/termicar.com.br\/index.php?rest_route=\/wp\/v2\/pages\/55\/revisions\/58"}],"wp:attachment":[{"href":"https:\/\/termicar.com.br\/index.php?rest_route=%2Fwp%2Fv2%2Fmedia&parent=55"}],"curies":[{"name":"wp","href":"https:\/\/api.w.org\/{rel}","templated":true}]}}