{"id":7,"date":"2023-03-18T22:09:08","date_gmt":"2023-03-18T22:09:08","guid":{"rendered":"http:\/\/termicar.com.br\/?page_id=7"},"modified":"2023-03-19T20:14:49","modified_gmt":"2023-03-19T20:14:49","slug":"quem-somos","status":"publish","type":"page","link":"https:\/\/termicar.com.br\/?page_id=7","title":{"rendered":"Quem Somos"},"content":{"rendered":"\n<p>Criada em 1969, a TERMICAR vem produzindo auto pe\u00e7as para Caminh\u00f5es e \u00d4nibus da Linha Mercedes Benz, Volvo, Scania, Volks e desde ent\u00e3o t\u00eam se consolidando no mercado de fabrica\u00e7\u00e3o de pe\u00e7as para a ind\u00fastria automotiva.<\/p>\n\n\n\n<p>E al\u00e9m disto, desenvolve pe\u00e7as de acordo com a sua necessidade, tais como: Terminais Articulados e Pinos Esf\u00e9ricos.<\/p>\n\n\n\n<p>A TERMICAR est\u00e1 sempre em busca da evolu\u00e7\u00e3o, utilizando as melhores mat\u00e9rias-primas, m\u00e3o de obra qualificada, para atingir as metas de alta qualidade e economia, de acordo com as exig\u00eancias que o mercado automotivo .<\/p>\n\n\n\n<p>Com d\u00e9cadas de experi\u00eancia e um compromisso constante com a qualidade, a empresa se tornou uma refer\u00eancia<br>no setor, fornecendo pe\u00e7as confi\u00e1veis e dur\u00e1veis, para montadoras e outras empresas da ind\u00fastria.<\/p>\n\n\n\n<p><\/p>\n","protected":false},"excerpt":{"rendered":"<p>Criada em 1969, a TERMICAR vem produzindo auto pe\u00e7as para Caminh\u00f5es e \u00d4nibus da Linha Mercedes Benz, Volvo, Scania, Volks e desde ent\u00e3o t\u00eam se consolidando no mercado de fabrica\u00e7\u00e3o de pe\u00e7as para a ind\u00fastria automotiva. E al\u00e9m disto, desenvolve pe\u00e7as de acordo com a sua necessidade, tais como: Terminais Articulados e Pinos Esf\u00e9ricos. A [&hellip;]<\/p>\n","protected":false},"author":1,"featured_media":0,"parent":0,"menu_order":0,"comment_status":"closed","ping_status":"closed","template":"template-part\/full-width-page.php","meta":[],"_links":{"self":[{"href":"https:\/\/termicar.com.br\/index.php?rest_route=\/wp\/v2\/pages\/7"}],"collection":[{"href":"https:\/\/termicar.com.br\/index.php?rest_route=\/wp\/v2\/pages"}],"about":[{"href":"https:\/\/termicar.com.br\/index.php?rest_route=\/wp\/v2\/types\/page"}],"author":[{"embeddable":true,"href":"https:\/\/termicar.com.br\/index.php?rest_route=\/wp\/v2\/users\/1"}],"replies":[{"embeddable":true,"href":"https:\/\/termicar.com.br\/index.php?rest_route=%2Fwp%2Fv2%2Fcomments&post=7"}],"version-history":[{"count":7,"href":"https:\/\/termicar.com.br\/index.php?rest_route=\/wp\/v2\/pages\/7\/revisions"}],"predecessor-version":[{"id":120,"href":"https:\/\/termicar.com.br\/index.php?rest_route=\/wp\/v2\/pages\/7\/revisions\/120"}],"wp:attachment":[{"href":"https:\/\/termicar.com.br\/index.php?rest_route=%2Fwp%2Fv2%2Fmedia&parent=7"}],"curies":[{"name":"wp","href":"https:\/\/api.w.org\/{rel}","templated":true}]}}